{"id":39,"date":"2026-03-09T23:25:04","date_gmt":"2026-03-09T23:25:04","guid":{"rendered":"https:\/\/conversiondesanpablotijuana.mx\/wp\/?page_id=39"},"modified":"2026-03-09T23:25:04","modified_gmt":"2026-03-09T23:25:04","slug":"requisitos-para-primera-comunion","status":"publish","type":"page","link":"https:\/\/conversiondesanpablotijuana.mx\/wp\/requisitos-para-primera-comunion\/","title":{"rendered":"Requisitos para Primera Comuni\u00f3n"},"content":{"rendered":"\n<p><strong>PARA MENORES DE 14 A\u00d1OS<\/strong><br>-Copia Acta de Nacimiento.<br>-Original y copia de Boleta de Bautismo.<br>-Sepan <strong>Leer y Escribir<\/strong> bien.<br>-Tomar <strong>curso completo<\/strong>. (Asistir los d\u00edas: Miercoles y <strong>s\u00e1bado 9:00a.m<\/strong>.; duraci\u00f3n 2 a\u00f1os)<br>-Asistencia a <strong>misa Dominical<\/strong>.<br>-Pagar curso y libro.<br>-Leer y firmar <strong>carta compromiso<\/strong> de los pap\u00e1s y participar en la <strong>actividad<\/strong> elegida.<\/p>\n\n\n\n<p><strong>PARA MAYORES DE 14 A\u00d1OS<\/strong><br>-Todos los requisitos anteriores.<br><em>solo el <strong>curso<\/strong> es asistir todos los <strong>s\u00e1bados de 5:00pm a 7:00 pm<\/strong> (de 5 a 6 meses)<\/em><\/p>\n\n\n\n<p><strong>ACTIVIDADES A ELEGIR<\/strong><br>&#8211;<strong>Equipo de Liturgia<\/strong> (Todos los Jueves 7:00pm)<br>&#8211;<strong>Reuni\u00f3n Mensual Adoradores<\/strong> (Clase, 3er miercoles del mes, 7:00pm a 8:00pm)<br>&#8211;<strong>Taller de Oraci\u00f3n y Vida<\/strong> (Todos los Martes de 6:00pm a 8:00pm)<br>&#8211;<strong>Credo de la Iglesia Cat\u00f3lica Explicado<\/strong> (Todos los Jueves de 6:00pm a 7:00pm)<\/p>\n","protected":false},"excerpt":{"rendered":"<p>PARA MENORES DE 14 A\u00d1OS-Copia Acta de Nacimiento.-Original y copia de Boleta de Bautismo.-Sepan Leer y Escribir bien.-Tomar curso completo. (Asistir los d\u00edas: Miercoles y s\u00e1bado 9:00a.m.; duraci\u00f3n 2 a\u00f1os)-Asistencia a misa Dominical.-Pagar curso y libro.-Leer y firmar carta compromiso de los pap\u00e1s y participar en la actividad elegida. PARA MAYORES DE 14 A\u00d1OS-Todos los [&hellip;]<\/p>\n","protected":false},"author":1,"featured_media":0,"parent":0,"menu_order":0,"comment_status":"closed","ping_status":"closed","template":"","meta":{"pagelayer_contact_templates":[],"_pagelayer_content":"","footnotes":""},"class_list":["post-39","page","type-page","status-publish","hentry"],"_links":{"self":[{"href":"https:\/\/conversiondesanpablotijuana.mx\/wp\/wp-json\/wp\/v2\/pages\/39","targetHints":{"allow":["GET"]}}],"collection":[{"href":"https:\/\/conversiondesanpablotijuana.mx\/wp\/wp-json\/wp\/v2\/pages"}],"about":[{"href":"https:\/\/conversiondesanpablotijuana.mx\/wp\/wp-json\/wp\/v2\/types\/page"}],"author":[{"embeddable":true,"href":"https:\/\/conversiondesanpablotijuana.mx\/wp\/wp-json\/wp\/v2\/users\/1"}],"replies":[{"embeddable":true,"href":"https:\/\/conversiondesanpablotijuana.mx\/wp\/wp-json\/wp\/v2\/comments?post=39"}],"version-history":[{"count":1,"href":"https:\/\/conversiondesanpablotijuana.mx\/wp\/wp-json\/wp\/v2\/pages\/39\/revisions"}],"predecessor-version":[{"id":40,"href":"https:\/\/conversiondesanpablotijuana.mx\/wp\/wp-json\/wp\/v2\/pages\/39\/revisions\/40"}],"wp:attachment":[{"href":"https:\/\/conversiondesanpablotijuana.mx\/wp\/wp-json\/wp\/v2\/media?parent=39"}],"curies":[{"name":"wp","href":"https:\/\/api.w.org\/{rel}","templated":true}]}}